{"id":54854,"date":"2022-03-11T14:52:05","date_gmt":"2022-03-11T13:52:05","guid":{"rendered":"http:\/\/newfixed.elmarco.pl\/kolekcje-wewnetrzne\/"},"modified":"2024-06-05T15:38:00","modified_gmt":"2024-06-05T13:38:00","slug":"indoor-collections","status":"publish","type":"page","link":"https:\/\/www.elmarco.pl\/en\/indoor-collections\/","title":{"rendered":"Indoor Collections"},"content":{"rendered":"<section id='pageBanner' class=\"pageBanner pageBanner--\" style=\"background-image: url(https:\/\/www.elmarco.pl\/wp-content\/uploads\/2024\/05\/Elmarco-banner-jasny7.jpg)\" >\n    <figure class=\"pageBanner__image\">\n        <img loading=\"lazy\" decoding=\"async\" src=\"https:\/\/www.elmarco.pl\/wp-content\/uploads\/2024\/05\/Elmarco-banner-jasny7.jpg\" alt=\"\" title=\"Elmarco-banner-jasny7\" width=\"1920\" height=\"706\" class=\"alignnone size-full wp-image-79922\" srcset=\"https:\/\/www.elmarco.pl\/wp-content\/uploads\/2024\/05\/Elmarco-banner-jasny7.jpg 1920w, https:\/\/www.elmarco.pl\/wp-content\/uploads\/2024\/05\/Elmarco-banner-jasny7-300x110.jpg 300w, https:\/\/www.elmarco.pl\/wp-content\/uploads\/2024\/05\/Elmarco-banner-jasny7-1024x377.jpg 1024w, https:\/\/www.elmarco.pl\/wp-content\/uploads\/2024\/05\/Elmarco-banner-jasny7-768x282.jpg 768w, https:\/\/www.elmarco.pl\/wp-content\/uploads\/2024\/05\/Elmarco-banner-jasny7-1536x565.jpg 1536w, https:\/\/www.elmarco.pl\/wp-content\/uploads\/2024\/05\/Elmarco-banner-jasny7-480x177.jpg 480w, https:\/\/www.elmarco.pl\/wp-content\/uploads\/2024\/05\/Elmarco-banner-jasny7-1300x478.jpg 1300w, https:\/\/www.elmarco.pl\/wp-content\/uploads\/2024\/05\/Elmarco-banner-jasny7-600x221.jpg 600w, https:\/\/www.elmarco.pl\/wp-content\/uploads\/2024\/05\/Elmarco-banner-jasny7-1350x496.jpg 1350w\" sizes=\"auto, (max-width: 1920px) 100vw, 1920px\" \/>\n    <\/figure>\n    <div class=\"pageBanner__content\">\n        <div class=\"container\">\n            <div class=\"pageBanner__wrapper\">\n                <h1 class=\"pageBanner__title font-bold\">\n                    Indoor Collections\n                    \n                <\/h1>\n                            <\/div>\n        <\/div>\n    <\/div>\n<\/section>","protected":false},"excerpt":{"rendered":"","protected":false},"author":1,"featured_media":0,"parent":0,"menu_order":0,"comment_status":"closed","ping_status":"closed","template":"page-collection-wew.php","meta":{"_acf_changed":false,"inline_featured_image":false,"footnotes":""},"class_list":["post-54854","page","type-page","status-publish","hentry"],"acf":[],"yoast_head":"<!-- This site is optimized with the Yoast SEO plugin v26.4 - https:\/\/yoast.com\/wordpress\/plugins\/seo\/ -->\n<title>Oprawy o\u015bwietleniowe wewn\u0119trzne | Elmarco<\/title>\n<meta name=\"description\" content=\"Unikatowe wzornictwo i solidne wykonanie. Zapraszamy do zapoznania si\u0119 z nasz\u0105 ofert\u0105 opraw wewn\u0119trznych.\" \/>\n<meta name=\"robots\" content=\"index, follow, max-snippet:-1, max-image-preview:large, max-video-preview:-1\" \/>\n<link rel=\"canonical\" href=\"https:\/\/www.elmarco.pl\/en\/indoor-collections\/\" \/>\n<meta property=\"og:locale\" content=\"en_US\" \/>\n<meta property=\"og:type\" content=\"article\" \/>\n<meta property=\"og:title\" content=\"Oprawy o\u015bwietleniowe wewn\u0119trzne | Elmarco\" \/>\n<meta property=\"og:description\" content=\"Unikatowe wzornictwo i solidne wykonanie. Zapraszamy do zapoznania si\u0119 z nasz\u0105 ofert\u0105 opraw wewn\u0119trznych.\" \/>\n<meta property=\"og:url\" content=\"https:\/\/www.elmarco.pl\/en\/indoor-collections\/\" \/>\n<meta property=\"og:site_name\" content=\"Elmarco\" \/>\n<meta property=\"article:publisher\" content=\"https:\/\/www.facebook.com\/profile.php?id=100063715801630#\" \/>\n<meta property=\"article:modified_time\" content=\"2024-06-05T13:38:00+00:00\" \/>\n<meta name=\"twitter:card\" content=\"summary_large_image\" \/>\n<script type=\"application\/ld+json\" class=\"yoast-schema-graph\">{\"@context\":\"https:\/\/schema.org\",\"@graph\":[{\"@type\":\"WebPage\",\"@id\":\"https:\/\/www.elmarco.pl\/en\/indoor-collections\/\",\"url\":\"https:\/\/www.elmarco.pl\/en\/indoor-collections\/\",\"name\":\"Oprawy o\u015bwietleniowe wewn\u0119trzne | Elmarco\",\"isPartOf\":{\"@id\":\"https:\/\/www.elmarco.pl\/en\/#website\"},\"datePublished\":\"2022-03-11T13:52:05+00:00\",\"dateModified\":\"2024-06-05T13:38:00+00:00\",\"description\":\"Unikatowe wzornictwo i solidne wykonanie. Zapraszamy do zapoznania si\u0119 z nasz\u0105 ofert\u0105 opraw wewn\u0119trznych.\",\"breadcrumb\":{\"@id\":\"https:\/\/www.elmarco.pl\/en\/indoor-collections\/#breadcrumb\"},\"inLanguage\":\"en-US\",\"potentialAction\":[{\"@type\":\"ReadAction\",\"target\":[\"https:\/\/www.elmarco.pl\/en\/indoor-collections\/\"]}]},{\"@type\":\"BreadcrumbList\",\"@id\":\"https:\/\/www.elmarco.pl\/en\/indoor-collections\/#breadcrumb\",\"itemListElement\":[{\"@type\":\"ListItem\",\"position\":1,\"name\":\"Strona g\u0142\u00f3wna\",\"item\":\"https:\/\/www.elmarco.pl\/en\/\"},{\"@type\":\"ListItem\",\"position\":2,\"name\":\"Indoor Collections\"}]},{\"@type\":\"WebSite\",\"@id\":\"https:\/\/www.elmarco.pl\/en\/#website\",\"url\":\"https:\/\/www.elmarco.pl\/en\/\",\"name\":\"Elmarco\",\"description\":\"\",\"publisher\":{\"@id\":\"https:\/\/www.elmarco.pl\/en\/#organization\"},\"potentialAction\":[{\"@type\":\"SearchAction\",\"target\":{\"@type\":\"EntryPoint\",\"urlTemplate\":\"https:\/\/www.elmarco.pl\/en\/?s={search_term_string}\"},\"query-input\":{\"@type\":\"PropertyValueSpecification\",\"valueRequired\":true,\"valueName\":\"search_term_string\"}}],\"inLanguage\":\"en-US\"},{\"@type\":\"Organization\",\"@id\":\"https:\/\/www.elmarco.pl\/en\/#organization\",\"name\":\"Elmarco\",\"url\":\"https:\/\/www.elmarco.pl\/en\/\",\"logo\":{\"@type\":\"ImageObject\",\"inLanguage\":\"en-US\",\"@id\":\"https:\/\/www.elmarco.pl\/en\/#\/schema\/logo\/image\/\",\"url\":\"https:\/\/www.elmarco.pl\/wp-content\/uploads\/2025\/05\/elmarco-logo.jpg\",\"contentUrl\":\"https:\/\/www.elmarco.pl\/wp-content\/uploads\/2025\/05\/elmarco-logo.jpg\",\"width\":225,\"height\":225,\"caption\":\"Elmarco\"},\"image\":{\"@id\":\"https:\/\/www.elmarco.pl\/en\/#\/schema\/logo\/image\/\"},\"sameAs\":[\"https:\/\/www.facebook.com\/profile.php?id=100063715801630#\"]}]}<\/script>\n<!-- \/ Yoast SEO plugin. -->","yoast_head_json":{"title":"Oprawy o\u015bwietleniowe wewn\u0119trzne | Elmarco","description":"Unikatowe wzornictwo i solidne wykonanie. Zapraszamy do zapoznania si\u0119 z nasz\u0105 ofert\u0105 opraw wewn\u0119trznych.","robots":{"index":"index","follow":"follow","max-snippet":"max-snippet:-1","max-image-preview":"max-image-preview:large","max-video-preview":"max-video-preview:-1"},"canonical":"https:\/\/www.elmarco.pl\/en\/indoor-collections\/","og_locale":"en_US","og_type":"article","og_title":"Oprawy o\u015bwietleniowe wewn\u0119trzne | Elmarco","og_description":"Unikatowe wzornictwo i solidne wykonanie. Zapraszamy do zapoznania si\u0119 z nasz\u0105 ofert\u0105 opraw wewn\u0119trznych.","og_url":"https:\/\/www.elmarco.pl\/en\/indoor-collections\/","og_site_name":"Elmarco","article_publisher":"https:\/\/www.facebook.com\/profile.php?id=100063715801630#","article_modified_time":"2024-06-05T13:38:00+00:00","twitter_card":"summary_large_image","schema":{"@context":"https:\/\/schema.org","@graph":[{"@type":"WebPage","@id":"https:\/\/www.elmarco.pl\/en\/indoor-collections\/","url":"https:\/\/www.elmarco.pl\/en\/indoor-collections\/","name":"Oprawy o\u015bwietleniowe wewn\u0119trzne | Elmarco","isPartOf":{"@id":"https:\/\/www.elmarco.pl\/en\/#website"},"datePublished":"2022-03-11T13:52:05+00:00","dateModified":"2024-06-05T13:38:00+00:00","description":"Unikatowe wzornictwo i solidne wykonanie. Zapraszamy do zapoznania si\u0119 z nasz\u0105 ofert\u0105 opraw wewn\u0119trznych.","breadcrumb":{"@id":"https:\/\/www.elmarco.pl\/en\/indoor-collections\/#breadcrumb"},"inLanguage":"en-US","potentialAction":[{"@type":"ReadAction","target":["https:\/\/www.elmarco.pl\/en\/indoor-collections\/"]}]},{"@type":"BreadcrumbList","@id":"https:\/\/www.elmarco.pl\/en\/indoor-collections\/#breadcrumb","itemListElement":[{"@type":"ListItem","position":1,"name":"Strona g\u0142\u00f3wna","item":"https:\/\/www.elmarco.pl\/en\/"},{"@type":"ListItem","position":2,"name":"Indoor Collections"}]},{"@type":"WebSite","@id":"https:\/\/www.elmarco.pl\/en\/#website","url":"https:\/\/www.elmarco.pl\/en\/","name":"Elmarco","description":"","publisher":{"@id":"https:\/\/www.elmarco.pl\/en\/#organization"},"potentialAction":[{"@type":"SearchAction","target":{"@type":"EntryPoint","urlTemplate":"https:\/\/www.elmarco.pl\/en\/?s={search_term_string}"},"query-input":{"@type":"PropertyValueSpecification","valueRequired":true,"valueName":"search_term_string"}}],"inLanguage":"en-US"},{"@type":"Organization","@id":"https:\/\/www.elmarco.pl\/en\/#organization","name":"Elmarco","url":"https:\/\/www.elmarco.pl\/en\/","logo":{"@type":"ImageObject","inLanguage":"en-US","@id":"https:\/\/www.elmarco.pl\/en\/#\/schema\/logo\/image\/","url":"https:\/\/www.elmarco.pl\/wp-content\/uploads\/2025\/05\/elmarco-logo.jpg","contentUrl":"https:\/\/www.elmarco.pl\/wp-content\/uploads\/2025\/05\/elmarco-logo.jpg","width":225,"height":225,"caption":"Elmarco"},"image":{"@id":"https:\/\/www.elmarco.pl\/en\/#\/schema\/logo\/image\/"},"sameAs":["https:\/\/www.facebook.com\/profile.php?id=100063715801630#"]}]}},"_links":{"self":[{"href":"https:\/\/www.elmarco.pl\/en\/wp-json\/wp\/v2\/pages\/54854","targetHints":{"allow":["GET"]}}],"collection":[{"href":"https:\/\/www.elmarco.pl\/en\/wp-json\/wp\/v2\/pages"}],"about":[{"href":"https:\/\/www.elmarco.pl\/en\/wp-json\/wp\/v2\/types\/page"}],"author":[{"embeddable":true,"href":"https:\/\/www.elmarco.pl\/en\/wp-json\/wp\/v2\/users\/1"}],"replies":[{"embeddable":true,"href":"https:\/\/www.elmarco.pl\/en\/wp-json\/wp\/v2\/comments?post=54854"}],"version-history":[{"count":1,"href":"https:\/\/www.elmarco.pl\/en\/wp-json\/wp\/v2\/pages\/54854\/revisions"}],"predecessor-version":[{"id":54886,"href":"https:\/\/www.elmarco.pl\/en\/wp-json\/wp\/v2\/pages\/54854\/revisions\/54886"}],"wp:attachment":[{"href":"https:\/\/www.elmarco.pl\/en\/wp-json\/wp\/v2\/media?parent=54854"}],"curies":[{"name":"wp","href":"https:\/\/api.w.org\/{rel}","templated":true}]}}