{"id":54981,"date":"2022-01-25T16:03:08","date_gmt":"2022-01-25T15:03:08","guid":{"rendered":"http:\/\/newfixed.elmarco.pl\/referencje\/"},"modified":"2024-08-02T08:47:41","modified_gmt":"2024-08-02T06:47:41","slug":"referinte","status":"publish","type":"page","link":"https:\/\/www.elmarco.pl\/ro\/referinte\/","title":{"rendered":"REFERIN\u021aE"},"content":{"rendered":"<section id='pageBanner' class=\"pageBanner pageBanner--\" style=\"background-image: url(https:\/\/www.elmarco.pl\/wp-content\/uploads\/2024\/05\/hand-with-thumb-up-stacking-hands-teamwork.jpg)\" >\n    <figure class=\"pageBanner__image\">\n        <img loading=\"lazy\" decoding=\"async\" src=\"https:\/\/www.elmarco.pl\/wp-content\/uploads\/2024\/05\/hand-with-thumb-up-stacking-hands-teamwork.jpg\" alt=\"\" title=\"hand-with-thumb-up-stacking-hands-teamwork\" width=\"1920\" height=\"776\" class=\"alignnone size-full wp-image-79901\" srcset=\"https:\/\/www.elmarco.pl\/wp-content\/uploads\/2024\/05\/hand-with-thumb-up-stacking-hands-teamwork.jpg 1920w, https:\/\/www.elmarco.pl\/wp-content\/uploads\/2024\/05\/hand-with-thumb-up-stacking-hands-teamwork-300x121.jpg 300w, https:\/\/www.elmarco.pl\/wp-content\/uploads\/2024\/05\/hand-with-thumb-up-stacking-hands-teamwork-1024x414.jpg 1024w, https:\/\/www.elmarco.pl\/wp-content\/uploads\/2024\/05\/hand-with-thumb-up-stacking-hands-teamwork-768x310.jpg 768w, https:\/\/www.elmarco.pl\/wp-content\/uploads\/2024\/05\/hand-with-thumb-up-stacking-hands-teamwork-1536x621.jpg 1536w, https:\/\/www.elmarco.pl\/wp-content\/uploads\/2024\/05\/hand-with-thumb-up-stacking-hands-teamwork-480x194.jpg 480w, https:\/\/www.elmarco.pl\/wp-content\/uploads\/2024\/05\/hand-with-thumb-up-stacking-hands-teamwork-1300x525.jpg 1300w, https:\/\/www.elmarco.pl\/wp-content\/uploads\/2024\/05\/hand-with-thumb-up-stacking-hands-teamwork-600x243.jpg 600w, https:\/\/www.elmarco.pl\/wp-content\/uploads\/2024\/05\/hand-with-thumb-up-stacking-hands-teamwork-1350x546.jpg 1350w\" sizes=\"auto, (max-width: 1920px) 100vw, 1920px\" \/>\n    <\/figure>\n    <div class=\"pageBanner__content\">\n        <div class=\"container\">\n            <div class=\"pageBanner__wrapper\">\n                <h1 class=\"pageBanner__title font-bold\"><span class=\"ez-toc-section\" id=\"referinte\"><\/span>\n                    REFERIN\u021aE\n                    \n                <span class=\"ez-toc-section-end\"><\/span><\/h1>\n                            <\/div>\n        <\/div>\n    <\/div>\n<\/section>\n\n\n<section class=\"lightboxGallery\">\n    <div class=\"container\">\n        <div id='lightgallery' class=\"row lightboxGallery__items\">\n\n                             <a href=\"https:\/\/www.elmarco.pl\/wp-content\/uploads\/2024\/06\/List-referencyjny-Dom-Zlote-Pola_ro.jpg\"\n                    class=\"swiper-slide lightboxGallery__item col-sd-3 col-md-3\"\n                    data-id=1>\n\n                    <figure class=\"image\">\n                        <img loading=\"lazy\" decoding=\"async\" src=\"https:\/\/www.elmarco.pl\/wp-content\/uploads\/2024\/06\/List-referencyjny-Dom-Zlote-Pola_ro.jpg\" alt=\"\" title=\"List-referencyjny-Dom-Zlote-Pola_ro\" width=\"919\" height=\"1300\" class=\"alignnone size-full wp-image-80353\" srcset=\"https:\/\/www.elmarco.pl\/wp-content\/uploads\/2024\/06\/List-referencyjny-Dom-Zlote-Pola_ro.jpg 919w, https:\/\/www.elmarco.pl\/wp-content\/uploads\/2024\/06\/List-referencyjny-Dom-Zlote-Pola_ro-212x300.jpg 212w, https:\/\/www.elmarco.pl\/wp-content\/uploads\/2024\/06\/List-referencyjny-Dom-Zlote-Pola_ro-724x1024.jpg 724w, https:\/\/www.elmarco.pl\/wp-content\/uploads\/2024\/06\/List-referencyjny-Dom-Zlote-Pola_ro-768x1086.jpg 768w, https:\/\/www.elmarco.pl\/wp-content\/uploads\/2024\/06\/List-referencyjny-Dom-Zlote-Pola_ro-339x480.jpg 339w, https:\/\/www.elmarco.pl\/wp-content\/uploads\/2024\/06\/List-referencyjny-Dom-Zlote-Pola_ro-424x600.jpg 424w\" sizes=\"auto, (max-width: 919px) 100vw, 919px\" \/>\n                                                <div class=\"image__header\">\n                            <h5 class=\"image__title\"><span class=\"ez-toc-section\" id=\"ewa_banas\"><\/span>\n                                Ewa Bana\u015b\n                            <span class=\"ez-toc-section-end\"><\/span><\/h5>\n                                                            <div class=\"image__subtitle\">\n                                    \n                                <\/div>\n                                                    <\/div>\n                                                                            <div class=\"image__content\">\n                                Recomand\u0103m cu \u00eencredere compania ELMARCO ca partener de afaceri credibil, solid \u0219i loial.\n                            <\/div>\n                                            <\/figure>\n                <\/a>\n                             <a href=\"https:\/\/www.elmarco.pl\/wp-content\/uploads\/2024\/06\/SKM_Blue-Montain-Resort-Sp.-z-o.o_ro.jpg\"\n                    class=\"swiper-slide lightboxGallery__item col-sd-3 col-md-3\"\n                    data-id=2>\n\n                    <figure class=\"image\">\n                        <img loading=\"lazy\" decoding=\"async\" src=\"https:\/\/www.elmarco.pl\/wp-content\/uploads\/2024\/06\/SKM_Blue-Montain-Resort-Sp.-z-o.o_ro.jpg\" alt=\"\" title=\"SKM_Blue-Montain-Resort-Sp.-z-o.o_ro\" width=\"919\" height=\"1300\" class=\"alignnone size-full wp-image-80349\" srcset=\"https:\/\/www.elmarco.pl\/wp-content\/uploads\/2024\/06\/SKM_Blue-Montain-Resort-Sp.-z-o.o_ro.jpg 919w, https:\/\/www.elmarco.pl\/wp-content\/uploads\/2024\/06\/SKM_Blue-Montain-Resort-Sp.-z-o.o_ro-212x300.jpg 212w, https:\/\/www.elmarco.pl\/wp-content\/uploads\/2024\/06\/SKM_Blue-Montain-Resort-Sp.-z-o.o_ro-724x1024.jpg 724w, https:\/\/www.elmarco.pl\/wp-content\/uploads\/2024\/06\/SKM_Blue-Montain-Resort-Sp.-z-o.o_ro-768x1086.jpg 768w, https:\/\/www.elmarco.pl\/wp-content\/uploads\/2024\/06\/SKM_Blue-Montain-Resort-Sp.-z-o.o_ro-339x480.jpg 339w, https:\/\/www.elmarco.pl\/wp-content\/uploads\/2024\/06\/SKM_Blue-Montain-Resort-Sp.-z-o.o_ro-424x600.jpg 424w\" sizes=\"auto, (max-width: 919px) 100vw, 919px\" \/>\n                                                <div class=\"image__header\">\n                            <h5 class=\"image__title\"><span class=\"ez-toc-section\" id=\"pawel_pedziwilk\"><\/span>\n                                Pawe\u0142 P\u0119dziwilk\n                            <span class=\"ez-toc-section-end\"><\/span><\/h5>\n                                                            <div class=\"image__subtitle\">\n                                    \n                                <\/div>\n                                                    <\/div>\n                                                                            <div class=\"image__content\">\n                                ElmarCo este o companie demn\u0103 de \u00eencredere. A executat sarcinile \u00eencredin\u021bate la timp, solid, cu cuno\u0219tin\u021be tehnice adecvate.\n                            <\/div>\n                                            <\/figure>\n                <\/a>\n                             <a href=\"https:\/\/www.elmarco.pl\/wp-content\/uploads\/2024\/06\/HAUS-referencje_ro.jpg\"\n                    class=\"swiper-slide lightboxGallery__item col-sd-3 col-md-3\"\n                    data-id=3>\n\n                    <figure class=\"image\">\n                        <img loading=\"lazy\" decoding=\"async\" src=\"https:\/\/www.elmarco.pl\/wp-content\/uploads\/2024\/06\/HAUS-referencje_ro.jpg\" alt=\"\" title=\"HAUS-referencje_ro\" width=\"916\" height=\"1300\" class=\"alignnone size-full wp-image-80345\" srcset=\"https:\/\/www.elmarco.pl\/wp-content\/uploads\/2024\/06\/HAUS-referencje_ro.jpg 916w, https:\/\/www.elmarco.pl\/wp-content\/uploads\/2024\/06\/HAUS-referencje_ro-211x300.jpg 211w, https:\/\/www.elmarco.pl\/wp-content\/uploads\/2024\/06\/HAUS-referencje_ro-722x1024.jpg 722w, https:\/\/www.elmarco.pl\/wp-content\/uploads\/2024\/06\/HAUS-referencje_ro-768x1090.jpg 768w, https:\/\/www.elmarco.pl\/wp-content\/uploads\/2024\/06\/HAUS-referencje_ro-338x480.jpg 338w, https:\/\/www.elmarco.pl\/wp-content\/uploads\/2024\/06\/HAUS-referencje_ro-423x600.jpg 423w\" sizes=\"auto, (max-width: 916px) 100vw, 916px\" \/>\n                                                <div class=\"image__header\">\n                            <h5 class=\"image__title\"><span class=\"ez-toc-section\" id=\"roman_prodlik\"><\/span>\n                                Roman Prodlik\n                            <span class=\"ez-toc-section-end\"><\/span><\/h5>\n                                                            <div class=\"image__subtitle\">\n                                    \n                                <\/div>\n                                                    <\/div>\n                                                                            <div class=\"image__content\">\n                                Recomand\u0103m cu \u00eencredere l\u0103mpile exterioare Kadet \u0219i compania ElmarCo ca partener de \u00eencredere.\n                            <\/div>\n                                            <\/figure>\n                <\/a>\n                             <a href=\"https:\/\/www.elmarco.pl\/wp-content\/uploads\/2024\/06\/Reference-GITOMA-ENG_ro.jpg\"\n                    class=\"swiper-slide lightboxGallery__item col-sd-3 col-md-3\"\n                    data-id=4>\n\n                    <figure class=\"image\">\n                        <img loading=\"lazy\" decoding=\"async\" src=\"https:\/\/www.elmarco.pl\/wp-content\/uploads\/2024\/06\/Reference-GITOMA-ENG_ro.jpg\" alt=\"\" title=\"Reference-GITOMA-ENG_ro\" width=\"904\" height=\"1300\" class=\"alignnone size-full wp-image-80337\" srcset=\"https:\/\/www.elmarco.pl\/wp-content\/uploads\/2024\/06\/Reference-GITOMA-ENG_ro.jpg 904w, https:\/\/www.elmarco.pl\/wp-content\/uploads\/2024\/06\/Reference-GITOMA-ENG_ro-209x300.jpg 209w, https:\/\/www.elmarco.pl\/wp-content\/uploads\/2024\/06\/Reference-GITOMA-ENG_ro-712x1024.jpg 712w, https:\/\/www.elmarco.pl\/wp-content\/uploads\/2024\/06\/Reference-GITOMA-ENG_ro-768x1104.jpg 768w, https:\/\/www.elmarco.pl\/wp-content\/uploads\/2024\/06\/Reference-GITOMA-ENG_ro-334x480.jpg 334w, https:\/\/www.elmarco.pl\/wp-content\/uploads\/2024\/06\/Reference-GITOMA-ENG_ro-417x600.jpg 417w\" sizes=\"auto, (max-width: 904px) 100vw, 904px\" \/>\n                                                <div class=\"image__header\">\n                            <h5 class=\"image__title\"><span class=\"ez-toc-section\" id=\"tomas_jukna\"><\/span>\n                                Tomas Jukna\n                            <span class=\"ez-toc-section-end\"><\/span><\/h5>\n                                                            <div class=\"image__subtitle\">\n                                    \n                                <\/div>\n                                                    <\/div>\n                                                                            <div class=\"image__content\">\n                                V\u0103d compania ElmarCo ca pe un partener puternic \u00een viitoarea noastr\u0103 colaborare.\n                            <\/div>\n                                            <\/figure>\n                <\/a>\n                             <a href=\"https:\/\/www.elmarco.pl\/wp-content\/uploads\/2024\/06\/referencje-urzad-miasta-Helu_ro.jpg\"\n                    class=\"swiper-slide lightboxGallery__item col-sd-3 col-md-3\"\n                    data-id=5>\n\n                    <figure class=\"image\">\n                        <img loading=\"lazy\" decoding=\"async\" src=\"https:\/\/www.elmarco.pl\/wp-content\/uploads\/2024\/06\/referencje-urzad-miasta-Helu_ro.jpg\" alt=\"\" title=\"referencje-urzad-miasta-Helu_ro\" width=\"896\" height=\"1300\" class=\"alignnone size-full wp-image-80333\" srcset=\"https:\/\/www.elmarco.pl\/wp-content\/uploads\/2024\/06\/referencje-urzad-miasta-Helu_ro.jpg 896w, https:\/\/www.elmarco.pl\/wp-content\/uploads\/2024\/06\/referencje-urzad-miasta-Helu_ro-207x300.jpg 207w, https:\/\/www.elmarco.pl\/wp-content\/uploads\/2024\/06\/referencje-urzad-miasta-Helu_ro-706x1024.jpg 706w, https:\/\/www.elmarco.pl\/wp-content\/uploads\/2024\/06\/referencje-urzad-miasta-Helu_ro-768x1114.jpg 768w, https:\/\/www.elmarco.pl\/wp-content\/uploads\/2024\/06\/referencje-urzad-miasta-Helu_ro-331x480.jpg 331w, https:\/\/www.elmarco.pl\/wp-content\/uploads\/2024\/06\/referencje-urzad-miasta-Helu_ro-414x600.jpg 414w\" sizes=\"auto, (max-width: 896px) 100vw, 896px\" \/>\n                                                <div class=\"image__header\">\n                            <h5 class=\"image__title\"><span class=\"ez-toc-section\" id=\"jaroslaw_palkowski\"><\/span>\n                                Jaros\u0142aw Pa\u0142kowski\n                            <span class=\"ez-toc-section-end\"><\/span><\/h5>\n                                                            <div class=\"image__subtitle\">\n                                    \n                                <\/div>\n                                                    <\/div>\n                                                                            <div class=\"image__content\">\n                                Produsele \u0219i serviciile respect\u0103 cele mai \u00eenalte standarde. Recomand\u0103m cu \u00eencredere.\n                            <\/div>\n                                            <\/figure>\n                <\/a>\n                             <a href=\"https:\/\/www.elmarco.pl\/wp-content\/uploads\/2024\/06\/Referencje-Port-Morski-Gdynia_ro.jpg\"\n                    class=\"swiper-slide lightboxGallery__item col-sd-3 col-md-3\"\n                    data-id=6>\n\n                    <figure class=\"image\">\n                        <img loading=\"lazy\" decoding=\"async\" src=\"https:\/\/www.elmarco.pl\/wp-content\/uploads\/2024\/06\/Referencje-Port-Morski-Gdynia_ro.jpg\" alt=\"\" title=\"Referencje-Port-Morski-Gdynia_ro\" width=\"935\" height=\"1300\" class=\"alignnone size-full wp-image-80329\" srcset=\"https:\/\/www.elmarco.pl\/wp-content\/uploads\/2024\/06\/Referencje-Port-Morski-Gdynia_ro.jpg 935w, https:\/\/www.elmarco.pl\/wp-content\/uploads\/2024\/06\/Referencje-Port-Morski-Gdynia_ro-216x300.jpg 216w, https:\/\/www.elmarco.pl\/wp-content\/uploads\/2024\/06\/Referencje-Port-Morski-Gdynia_ro-736x1024.jpg 736w, https:\/\/www.elmarco.pl\/wp-content\/uploads\/2024\/06\/Referencje-Port-Morski-Gdynia_ro-768x1068.jpg 768w, https:\/\/www.elmarco.pl\/wp-content\/uploads\/2024\/06\/Referencje-Port-Morski-Gdynia_ro-345x480.jpg 345w, https:\/\/www.elmarco.pl\/wp-content\/uploads\/2024\/06\/Referencje-Port-Morski-Gdynia_ro-432x600.jpg 432w\" sizes=\"auto, (max-width: 935px) 100vw, 935px\" \/>\n                                                <div class=\"image__header\">\n                            <h5 class=\"image__title\"><span class=\"ez-toc-section\" id=\"leszek_jurczyk\"><\/span>\n                                Leszek Jurczyk\n                            <span class=\"ez-toc-section-end\"><\/span><\/h5>\n                                                            <div class=\"image__subtitle\">\n                                    \n                                <\/div>\n                                                    <\/div>\n                                                                            <div class=\"image__content\">\n                                Putem recomanda cu \u00eencredere serviciile companiei ElmarCo altor investitori f\u0103r\u0103 ezitare.\n                            <\/div>\n                                            <\/figure>\n                <\/a>\n                             <a href=\"https:\/\/www.elmarco.pl\/wp-content\/uploads\/2024\/06\/list_ref-Wojsko_ro.jpg\"\n                    class=\"swiper-slide lightboxGallery__item col-sd-3 col-md-3\"\n                    data-id=7>\n\n                    <figure class=\"image\">\n                        <img loading=\"lazy\" decoding=\"async\" src=\"https:\/\/www.elmarco.pl\/wp-content\/uploads\/2024\/06\/list_ref-Wojsko_ro.jpg\" alt=\"\" title=\"list_ref-Wojsko_ro\" width=\"919\" height=\"1300\" class=\"alignnone size-full wp-image-80341\" srcset=\"https:\/\/www.elmarco.pl\/wp-content\/uploads\/2024\/06\/list_ref-Wojsko_ro.jpg 919w, https:\/\/www.elmarco.pl\/wp-content\/uploads\/2024\/06\/list_ref-Wojsko_ro-212x300.jpg 212w, https:\/\/www.elmarco.pl\/wp-content\/uploads\/2024\/06\/list_ref-Wojsko_ro-724x1024.jpg 724w, https:\/\/www.elmarco.pl\/wp-content\/uploads\/2024\/06\/list_ref-Wojsko_ro-768x1086.jpg 768w, https:\/\/www.elmarco.pl\/wp-content\/uploads\/2024\/06\/list_ref-Wojsko_ro-339x480.jpg 339w, https:\/\/www.elmarco.pl\/wp-content\/uploads\/2024\/06\/list_ref-Wojsko_ro-424x600.jpg 424w\" sizes=\"auto, (max-width: 919px) 100vw, 919px\" \/>\n                                                <div class=\"image__header\">\n                            <h5 class=\"image__title\"><span class=\"ez-toc-section\" id=\"leszek_walczak\"><\/span>\n                                Leszek Walczak\n                            <span class=\"ez-toc-section-end\"><\/span><\/h5>\n                                                            <div class=\"image__subtitle\">\n                                    \n                                <\/div>\n                                                    <\/div>\n                                                                            <div class=\"image__content\">\n                                Pot recomanda cu \u00eentreaga responsabilitate produsele companiei Elmarco Tadeusz Martyniuk. Colaborarea s-a dovedit a fi productiv\u0103 \u0219i complet satisf\u0103c\u0103toare.\n                            <\/div>\n                                            <\/figure>\n                <\/a>\n                             <a href=\"https:\/\/www.elmarco.pl\/wp-content\/uploads\/2024\/08\/Referencja-Zalew-Lubianka_RO.jpg\"\n                    class=\"swiper-slide lightboxGallery__item col-sd-3 col-md-3\"\n                    data-id=8>\n\n                    <figure class=\"image\">\n                        <img loading=\"lazy\" decoding=\"async\" src=\"https:\/\/www.elmarco.pl\/wp-content\/uploads\/2024\/08\/Referencja-Zalew-Lubianka_RO.jpg\" alt=\"\" title=\"list_ref-Zalew-Lubianka\" width=\"669\" height=\"921\" class=\"alignnone size-full wp-image-103105\" srcset=\"https:\/\/www.elmarco.pl\/wp-content\/uploads\/2024\/08\/Referencja-Zalew-Lubianka_RO.jpg 669w, https:\/\/www.elmarco.pl\/wp-content\/uploads\/2024\/08\/Referencja-Zalew-Lubianka_RO-218x300.jpg 218w, https:\/\/www.elmarco.pl\/wp-content\/uploads\/2024\/08\/Referencja-Zalew-Lubianka_RO-349x480.jpg 349w, https:\/\/www.elmarco.pl\/wp-content\/uploads\/2024\/08\/Referencja-Zalew-Lubianka_RO-436x600.jpg 436w\" sizes=\"auto, (max-width: 669px) 100vw, 669px\" \/>\n                                                <div class=\"image__header\">\n                            <h5 class=\"image__title\"><span class=\"ez-toc-section\" id=\"bartosz_wojtczak\"><\/span>\n                                Bartosz Wojtczak\n                            <span class=\"ez-toc-section-end\"><\/span><\/h5>\n                                                            <div class=\"image__subtitle\">\n                                    \n                                <\/div>\n                                                    <\/div>\n                                                                            <div class=\"image__content\">\n                                I can confidently recommend ElmarCo&#8217;s products and services to future investors and contractors. The products meet the highest quality standards, are reliable, functional and aesthetically pleasing.\n                            <\/div>\n                                            <\/figure>\n                <\/a>\n            \n        <\/div>\n    <\/div>\n<\/section>","protected":false},"excerpt":{"rendered":"","protected":false},"author":1,"featured_media":0,"parent":0,"menu_order":0,"comment_status":"closed","ping_status":"closed","template":"","meta":{"_acf_changed":false,"inline_featured_image":false,"footnotes":""},"class_list":["post-54981","page","type-page","status-publish","hentry"],"acf":[],"yoast_head":"<!-- This site is optimized with the Yoast SEO plugin v26.4 - https:\/\/yoast.com\/wordpress\/plugins\/seo\/ -->\n<title>Nasze referencje | Elmarco<\/title>\n<meta name=\"description\" content=\"Dowiedz si\u0119, dlaczego warto z nami wsp\u00f3\u0142pracowa\u0107. Prezentujemy opinie naszych klient\u00f3w.\" \/>\n<meta name=\"robots\" content=\"index, follow, max-snippet:-1, max-image-preview:large, max-video-preview:-1\" \/>\n<link rel=\"canonical\" href=\"https:\/\/www.elmarco.pl\/ro\/referinte\/\" \/>\n<meta property=\"og:locale\" content=\"ro_RO\" \/>\n<meta property=\"og:type\" content=\"article\" \/>\n<meta property=\"og:title\" content=\"Nasze referencje | Elmarco\" \/>\n<meta property=\"og:description\" content=\"Dowiedz si\u0119, dlaczego warto z nami wsp\u00f3\u0142pracowa\u0107. Prezentujemy opinie naszych klient\u00f3w.\" \/>\n<meta property=\"og:url\" content=\"https:\/\/www.elmarco.pl\/ro\/referinte\/\" \/>\n<meta property=\"og:site_name\" content=\"Elmarco\" \/>\n<meta property=\"article:publisher\" content=\"https:\/\/www.facebook.com\/profile.php?id=100063715801630#\" \/>\n<meta property=\"article:modified_time\" content=\"2024-08-02T06:47:41+00:00\" \/>\n<meta name=\"twitter:card\" content=\"summary_large_image\" \/>\n<script type=\"application\/ld+json\" class=\"yoast-schema-graph\">{\"@context\":\"https:\/\/schema.org\",\"@graph\":[{\"@type\":\"WebPage\",\"@id\":\"https:\/\/www.elmarco.pl\/ro\/referinte\/\",\"url\":\"https:\/\/www.elmarco.pl\/ro\/referinte\/\",\"name\":\"Nasze referencje | Elmarco\",\"isPartOf\":{\"@id\":\"https:\/\/www.elmarco.pl\/ro\/#website\"},\"datePublished\":\"2022-01-25T15:03:08+00:00\",\"dateModified\":\"2024-08-02T06:47:41+00:00\",\"description\":\"Dowiedz si\u0119, dlaczego warto z nami wsp\u00f3\u0142pracowa\u0107. Prezentujemy opinie naszych klient\u00f3w.\",\"breadcrumb\":{\"@id\":\"https:\/\/www.elmarco.pl\/ro\/referinte\/#breadcrumb\"},\"inLanguage\":\"ro-RO\",\"potentialAction\":[{\"@type\":\"ReadAction\",\"target\":[\"https:\/\/www.elmarco.pl\/ro\/referinte\/\"]}]},{\"@type\":\"BreadcrumbList\",\"@id\":\"https:\/\/www.elmarco.pl\/ro\/referinte\/#breadcrumb\",\"itemListElement\":[{\"@type\":\"ListItem\",\"position\":1,\"name\":\"Strona g\u0142\u00f3wna\",\"item\":\"https:\/\/www.elmarco.pl\/ro\/\"},{\"@type\":\"ListItem\",\"position\":2,\"name\":\"REFERIN\u021aE\"}]},{\"@type\":\"WebSite\",\"@id\":\"https:\/\/www.elmarco.pl\/ro\/#website\",\"url\":\"https:\/\/www.elmarco.pl\/ro\/\",\"name\":\"Elmarco\",\"description\":\"\",\"publisher\":{\"@id\":\"https:\/\/www.elmarco.pl\/ro\/#organization\"},\"potentialAction\":[{\"@type\":\"SearchAction\",\"target\":{\"@type\":\"EntryPoint\",\"urlTemplate\":\"https:\/\/www.elmarco.pl\/ro\/?s={search_term_string}\"},\"query-input\":{\"@type\":\"PropertyValueSpecification\",\"valueRequired\":true,\"valueName\":\"search_term_string\"}}],\"inLanguage\":\"ro-RO\"},{\"@type\":\"Organization\",\"@id\":\"https:\/\/www.elmarco.pl\/ro\/#organization\",\"name\":\"Elmarco\",\"url\":\"https:\/\/www.elmarco.pl\/ro\/\",\"logo\":{\"@type\":\"ImageObject\",\"inLanguage\":\"ro-RO\",\"@id\":\"https:\/\/www.elmarco.pl\/ro\/#\/schema\/logo\/image\/\",\"url\":\"https:\/\/www.elmarco.pl\/wp-content\/uploads\/2025\/05\/elmarco-logo.jpg\",\"contentUrl\":\"https:\/\/www.elmarco.pl\/wp-content\/uploads\/2025\/05\/elmarco-logo.jpg\",\"width\":225,\"height\":225,\"caption\":\"Elmarco\"},\"image\":{\"@id\":\"https:\/\/www.elmarco.pl\/ro\/#\/schema\/logo\/image\/\"},\"sameAs\":[\"https:\/\/www.facebook.com\/profile.php?id=100063715801630#\"]}]}<\/script>\n<!-- \/ Yoast SEO plugin. -->","yoast_head_json":{"title":"Nasze referencje | Elmarco","description":"Dowiedz si\u0119, dlaczego warto z nami wsp\u00f3\u0142pracowa\u0107. Prezentujemy opinie naszych klient\u00f3w.","robots":{"index":"index","follow":"follow","max-snippet":"max-snippet:-1","max-image-preview":"max-image-preview:large","max-video-preview":"max-video-preview:-1"},"canonical":"https:\/\/www.elmarco.pl\/ro\/referinte\/","og_locale":"ro_RO","og_type":"article","og_title":"Nasze referencje | Elmarco","og_description":"Dowiedz si\u0119, dlaczego warto z nami wsp\u00f3\u0142pracowa\u0107. Prezentujemy opinie naszych klient\u00f3w.","og_url":"https:\/\/www.elmarco.pl\/ro\/referinte\/","og_site_name":"Elmarco","article_publisher":"https:\/\/www.facebook.com\/profile.php?id=100063715801630#","article_modified_time":"2024-08-02T06:47:41+00:00","twitter_card":"summary_large_image","schema":{"@context":"https:\/\/schema.org","@graph":[{"@type":"WebPage","@id":"https:\/\/www.elmarco.pl\/ro\/referinte\/","url":"https:\/\/www.elmarco.pl\/ro\/referinte\/","name":"Nasze referencje | Elmarco","isPartOf":{"@id":"https:\/\/www.elmarco.pl\/ro\/#website"},"datePublished":"2022-01-25T15:03:08+00:00","dateModified":"2024-08-02T06:47:41+00:00","description":"Dowiedz si\u0119, dlaczego warto z nami wsp\u00f3\u0142pracowa\u0107. Prezentujemy opinie naszych klient\u00f3w.","breadcrumb":{"@id":"https:\/\/www.elmarco.pl\/ro\/referinte\/#breadcrumb"},"inLanguage":"ro-RO","potentialAction":[{"@type":"ReadAction","target":["https:\/\/www.elmarco.pl\/ro\/referinte\/"]}]},{"@type":"BreadcrumbList","@id":"https:\/\/www.elmarco.pl\/ro\/referinte\/#breadcrumb","itemListElement":[{"@type":"ListItem","position":1,"name":"Strona g\u0142\u00f3wna","item":"https:\/\/www.elmarco.pl\/ro\/"},{"@type":"ListItem","position":2,"name":"REFERIN\u021aE"}]},{"@type":"WebSite","@id":"https:\/\/www.elmarco.pl\/ro\/#website","url":"https:\/\/www.elmarco.pl\/ro\/","name":"Elmarco","description":"","publisher":{"@id":"https:\/\/www.elmarco.pl\/ro\/#organization"},"potentialAction":[{"@type":"SearchAction","target":{"@type":"EntryPoint","urlTemplate":"https:\/\/www.elmarco.pl\/ro\/?s={search_term_string}"},"query-input":{"@type":"PropertyValueSpecification","valueRequired":true,"valueName":"search_term_string"}}],"inLanguage":"ro-RO"},{"@type":"Organization","@id":"https:\/\/www.elmarco.pl\/ro\/#organization","name":"Elmarco","url":"https:\/\/www.elmarco.pl\/ro\/","logo":{"@type":"ImageObject","inLanguage":"ro-RO","@id":"https:\/\/www.elmarco.pl\/ro\/#\/schema\/logo\/image\/","url":"https:\/\/www.elmarco.pl\/wp-content\/uploads\/2025\/05\/elmarco-logo.jpg","contentUrl":"https:\/\/www.elmarco.pl\/wp-content\/uploads\/2025\/05\/elmarco-logo.jpg","width":225,"height":225,"caption":"Elmarco"},"image":{"@id":"https:\/\/www.elmarco.pl\/ro\/#\/schema\/logo\/image\/"},"sameAs":["https:\/\/www.facebook.com\/profile.php?id=100063715801630#"]}]}},"_links":{"self":[{"href":"https:\/\/www.elmarco.pl\/ro\/wp-json\/wp\/v2\/pages\/54981","targetHints":{"allow":["GET"]}}],"collection":[{"href":"https:\/\/www.elmarco.pl\/ro\/wp-json\/wp\/v2\/pages"}],"about":[{"href":"https:\/\/www.elmarco.pl\/ro\/wp-json\/wp\/v2\/types\/page"}],"author":[{"embeddable":true,"href":"https:\/\/www.elmarco.pl\/ro\/wp-json\/wp\/v2\/users\/1"}],"replies":[{"embeddable":true,"href":"https:\/\/www.elmarco.pl\/ro\/wp-json\/wp\/v2\/comments?post=54981"}],"version-history":[{"count":4,"href":"https:\/\/www.elmarco.pl\/ro\/wp-json\/wp\/v2\/pages\/54981\/revisions"}],"predecessor-version":[{"id":75556,"href":"https:\/\/www.elmarco.pl\/ro\/wp-json\/wp\/v2\/pages\/54981\/revisions\/75556"}],"wp:attachment":[{"href":"https:\/\/www.elmarco.pl\/ro\/wp-json\/wp\/v2\/media?parent=54981"}],"curies":[{"name":"wp","href":"https:\/\/api.w.org\/{rel}","templated":true}]}}